{"id":1311,"date":"2021-04-27T07:28:07","date_gmt":"2021-04-27T07:28:07","guid":{"rendered":"https:\/\/tunainvest.com.tr\/?page_id=1311"},"modified":"2025-04-25T20:38:55","modified_gmt":"2025-04-25T17:38:55","slug":"about-us","status":"publish","type":"page","link":"https:\/\/tunainvest.com.tr\/tr\/about-us\/","title":{"rendered":"Hakk\u0131m\u0131zda"},"content":{"rendered":"<p>[vc_row][vc_column width=&#8221;1\/2&#8243;]<div class=\"hero cast-title title-smaller\"><strong>TUNA INVEST PROPERTY HAKKINDA<\/strong><\/div>[vc_column_text]2017 y\u0131l\u0131nda Alanya\u2019da temellerini att\u0131\u011f\u0131m\u0131z firmam\u0131z, emlak ve yat\u0131r\u0131m d\u00fcnyas\u0131nda g\u00fcvenilirli\u011fin, \u015feffafl\u0131\u011f\u0131n ve profesyonelli\u011fin temsilcisi olma vizyonuyla yola \u00e7\u0131kt\u0131. Kuruldu\u011fumuz ilk g\u00fcnden bu yana \u0130stanbul ve Antalya illerinde, \u00f6zellikle Alanya il\u00e7esinde arsa, tarla ve emlak yat\u0131r\u0131mlar\u0131 konusunda m\u00fc\u015fterilerimize u\u00e7tan uca hizmet sunuyoruz.<\/p>\n<p>Yaln\u0131zca al\u0131m-sat\u0131m s\u00fcre\u00e7lerinde de\u011fil; do\u011fru yat\u0131r\u0131m planlamas\u0131, dan\u0131\u015fmanl\u0131k, de\u011ferleme ve proje geli\u015ftirme konular\u0131nda da \u00e7\u00f6z\u00fcm orta\u011f\u0131n\u0131z olmay\u0131 hedefliyoruz. Bug\u00fcn, \u0130stanbul\u2019un Ey\u00fcpsultan Mahallesi\u2019nde ba\u015far\u0131yla tamamlad\u0131\u011f\u0131m\u0131z in\u015faat projelerimiz ve yine ayn\u0131 b\u00f6lgede gelece\u011fe d\u00f6n\u00fck yat\u0131r\u0131mlar\u0131m\u0131z olan arsalar\u0131m\u0131zla faaliyet alan\u0131m\u0131z\u0131 daha da geni\u015fletmi\u015f bulunuyoruz.<\/p>\n<p>Y\u0131llar i\u00e7inde edindi\u011fimiz deneyimi farkl\u0131 sekt\u00f6rlere ta\u015f\u0131yarak; in\u015faat ve m\u00fcteahhitlik, tropikal tar\u0131m, mobilya, hafriyat, mimarl\u0131k ve g\u00fczellik merkezi alanlar\u0131nda da m\u00fc\u015fterilerimize kaliteli ve g\u00fcven odakl\u0131 hizmet sunmaktan gurur duyuyoruz.<\/p>\n<p>Mobilya sekt\u00f6r\u00fcnde ise yaln\u0131zca \u00fcretimle kalmay\u0131p, ayn\u0131 zamanda sat\u0131\u015f ma\u011fazam\u0131zla da m\u00fc\u015fterilerimize modern, i\u015flevsel ve estetik \u00e7\u00f6z\u00fcmler sunuyoruz. \u00dcr\u00fcn yelpazemizi, ya\u015fam alanlar\u0131n\u0131za de\u011fer katacak tarzda s\u00fcrekli yeniliyor ve ki\u015fiye \u00f6zel tasar\u0131mlarla fark yarat\u0131yoruz.<\/p>\n<p>Mimarl\u0131k departman\u0131m\u0131zda yaln\u0131zca d\u0131\u015f cephe projeleriyle de\u011fil; i\u00e7 mimarl\u0131k ve peyzaj mimarl\u0131\u011f\u0131 alanlar\u0131nda da uzman kadromuzla hizmet vermekteyiz. Fonksiyonelli\u011fi estetikle bulu\u015fturan projelerimizle, ya\u015fam alanlar\u0131n\u0131z\u0131 sadece in\u015fa etmekle kalm\u0131yor; hayal etti\u011finiz atmosferi de sizler i\u00e7in tasarl\u0131yoruz.<\/p>\n<p>Her biri kendi alan\u0131nda uzmanla\u015fm\u0131\u015f ekiplerimizle, her projeye sadece bir i\u015f g\u00f6z\u00fcyle de\u011fil; bir ya\u015fam alan\u0131, bir hayalin ba\u015flang\u0131c\u0131 ve bir de\u011ferin temsili olarak yakla\u015f\u0131yoruz. Bizim i\u00e7in her yat\u0131r\u0131m, sadece bug\u00fcn\u00fcn de\u011fil yar\u0131n\u0131n da kazanc\u0131d\u0131r.<\/p>\n<p>Kuruldu\u011fumuz Alanya\u2019dan \u0130stanbul\u2019a uzanan bu yolda, istikrarl\u0131 b\u00fcy\u00fcmemizle birlikte sizlerle daha fazlas\u0131n\u0131 in\u015fa etmeye devam ediyoruz.<\/p>\n<p><strong>Vizyonumuz<\/strong><br \/>\nEmlak, in\u015faat, mimarl\u0131k, tar\u0131m, mobilya ve g\u00fczellik gibi farkl\u0131 sekt\u00f6rlerde sundu\u011fumuz hizmetlerle, kaliteyi ve g\u00fcveni bir araya getirerek T\u00fcrkiye&#8217;nin \u00f6nde gelen \u00e7ok disiplinli yat\u0131r\u0131m ve hizmet firmalar\u0131ndan biri olmak. Yaln\u0131zca bug\u00fcn\u00fcn de\u011fil, gelece\u011fin ya\u015fam alanlar\u0131n\u0131 da tasarlayan; estetik, i\u015flevsel ve s\u00fcrd\u00fcr\u00fclebilir projelerle m\u00fc\u015fterilerimizin hayat\u0131na de\u011fer katmak.<\/p>\n<p><strong>Misyonumuz<\/strong><br \/>\nM\u00fc\u015fterilerimize emlak yat\u0131r\u0131m\u0131ndan in\u015faat projelerine, i\u00e7 ve d\u0131\u015f mimariden tropikal tar\u0131ma, mobilya \u00fcretim ve sat\u0131\u015f\u0131ndan g\u00fczellik hizmetlerine kadar geni\u015f bir yelpazede b\u00fct\u00fcnc\u00fcl, yenilik\u00e7i ve kaliteli hizmet sunmak. Her projeyi, m\u00fc\u015fteri memnuniyeti, g\u00fcvenilirlik ve s\u00fcrd\u00fcr\u00fclebilir ba\u015far\u0131 ilkeleri do\u011frultusunda hayata ge\u00e7irerek; bireylerin, ailelerin ve yat\u0131r\u0131mc\u0131lar\u0131n beklentilerini a\u015fmak.<\/p>\n<p><strong>Hedeflerimiz<\/strong><br \/>\nKuruldu\u011fumuz g\u00fcnden bu yana yaln\u0131zca bug\u00fcn\u00fc de\u011fil, gelece\u011fi in\u015fa etme hedefiyle hareket ediyoruz. Amac\u0131m\u0131z; emlak ve yat\u0131r\u0131m alan\u0131nda edindi\u011fimiz g\u00fcveni, in\u015faat, mimarl\u0131k, tar\u0131m, mobilya ve g\u00fczellik gibi farkl\u0131 sekt\u00f6rlerde de s\u00fcrd\u00fcr\u00fclebilir ba\u015far\u0131larla ta\u00e7land\u0131rmak.<\/p>\n<p>K\u0131sa vadede, \u0130stanbul ve Antalya ba\u015fta olmak \u00fczere T\u00fcrkiye&#8217;nin farkl\u0131 b\u00f6lgelerinde yeni projelere imza atarak; hizmet a\u011f\u0131m\u0131z\u0131 daha da geni\u015fletmek ve m\u00fc\u015fteri memnuniyetini en \u00fcst seviyeye ta\u015f\u0131mak \u00f6ncelikli hedefimizdir.<\/p>\n<p>Orta vadede, kendi markam\u0131zla ulusal \u00f6l\u00e7ekte tan\u0131nan, yenilik\u00e7i \u00e7\u00f6z\u00fcmleriyle sekt\u00f6rlerinde \u00f6rnek g\u00f6sterilen bir yap\u0131ya ula\u015fmak; estetik, fonksiyonellik ve s\u00fcrd\u00fcr\u00fclebilirlik ilkeleriyle ya\u015fam alanlar\u0131na y\u00f6n vermek istiyoruz.<\/p>\n<p>Uzun vadede ise, faaliyet g\u00f6sterdi\u011fimiz t\u00fcm alanlarda kendi standartlar\u0131n\u0131 belirleyen, sadece hizmet sunan de\u011fil ayn\u0131 zamanda de\u011fer \u00fcreten, sosyal sorumluluk bilinciyle hareket eden, yerel ve uluslararas\u0131 pazarda kal\u0131c\u0131 izler b\u0131rakan bir marka olmay\u0131 hedefliyoruz.<\/p>\n<p>Ve biz biliyoruz ki; her ge\u00e7en g\u00fcn yeni hayaller kuruyor, bu hayalleri ger\u00e7e\u011fe d\u00f6n\u00fc\u015ft\u00fcrecek yeni hedefler belirliyoruz. \u00c7\u00fcnk\u00fc biz, her ad\u0131mda daha iyisini in\u015fa etmenin; her projede daha fazlas\u0131n\u0131 ba\u015farman\u0131n m\u00fcmk\u00fcn oldu\u011funa inan\u0131yoruz.[\/vc_column_text][\/vc_column][vc_column width=&#8221;1\/2&#8243;][vc_single_image image=&#8221;50999&#8243; img_size=&#8221;full&#8221;][vc_single_image image=&#8221;51001&#8243; img_size=&#8221;full&#8221;][\/vc_column][\/vc_row][vc_row][vc_column el_class=&#8221;listing-form-area&#8221;]<div class=\"hero text-left\">Size \u00d6zel Portf\u00f6y Sunumu i\u00e7in \u0130rtibata Ge\u00e7iniz.<\/div><div class=\"desc subhead\">A\u015fa\u011f\u0131daki Mail Formuna Bilgilerinizi Girin, Dan\u0131\u015fmanlar\u0131m\u0131z Size Detayl\u0131 Bilgi Versin.<\/div>\n<div class=\"wpcf7 no-js\" id=\"wpcf7-f18785-o2\" lang=\"en-US\" dir=\"ltr\" data-wpcf7-id=\"18785\">\n<div class=\"screen-reader-response\"><p role=\"status\" aria-live=\"polite\" aria-atomic=\"true\"><\/p> <ul><\/ul><\/div>\n<form action=\"\/tr\/wp-json\/wp\/v2\/pages\/1311#wpcf7-f18785-o2\" method=\"post\" class=\"wpcf7-form init\" aria-label=\"Contact form\" novalidate=\"novalidate\" data-status=\"init\">\n<fieldset class=\"hidden-fields-container\"><input type=\"hidden\" name=\"_wpcf7\" value=\"18785\" \/><input type=\"hidden\" name=\"_wpcf7_version\" value=\"6.1.5\" \/><input type=\"hidden\" name=\"_wpcf7_locale\" value=\"en_US\" \/><input type=\"hidden\" name=\"_wpcf7_unit_tag\" value=\"wpcf7-f18785-o2\" \/><input type=\"hidden\" name=\"_wpcf7_container_post\" value=\"0\" \/><input type=\"hidden\" name=\"_wpcf7_posted_data_hash\" value=\"\" \/>\n<\/fieldset>\n<div class=\"fields fields-3\">\n\t<p><span class=\"wpcf7-form-control-wrap\" data-name=\"your-name\"><input size=\"40\" maxlength=\"400\" class=\"wpcf7-form-control wpcf7-text wpcf7-validates-as-required name\" aria-required=\"true\" aria-invalid=\"false\" placeholder=\"\u0130sim*\" value=\"\" type=\"text\" name=\"your-name\" \/><\/span><br \/>\n<span class=\"wpcf7-form-control-wrap\" data-name=\"your-email\"><input size=\"40\" maxlength=\"400\" class=\"wpcf7-form-control wpcf7-email wpcf7-validates-as-required wpcf7-text wpcf7-validates-as-email email\" aria-required=\"true\" aria-invalid=\"false\" placeholder=\"E-Mail*\" value=\"\" type=\"email\" name=\"your-email\" \/><\/span><br \/>\n<span class=\"wpcf7-form-control-wrap\" data-name=\"your-phone\"><input size=\"40\" maxlength=\"400\" class=\"wpcf7-form-control wpcf7-tel wpcf7-text wpcf7-validates-as-tel phone\" aria-invalid=\"false\" placeholder=\"Telefon\" value=\"\" type=\"tel\" name=\"your-phone\" \/><\/span>\n\t<\/p>\n<\/div>\n<div class=\"fields fields-odd\">\n\t<p><span class=\"wpcf7-form-control-wrap\" data-name=\"your-question\"><input size=\"40\" maxlength=\"400\" class=\"wpcf7-form-control wpcf7-text wpcf7-validates-as-required question\" aria-required=\"true\" aria-invalid=\"false\" placeholder=\"Sorunuz?\" value=\"\" type=\"text\" name=\"your-question\" \/><\/span><br \/>\n<input class=\"wpcf7-form-control wpcf7-submit has-spinner\" type=\"submit\" value=\"G\u00d6NDER\" \/>\n\t<\/p>\n<\/div><div class=\"wpcf7-response-output\" aria-hidden=\"true\"><\/div>\n<\/form>\n<\/div>\n[vc_empty_space][\/vc_column][\/vc_row]<\/p>","protected":false},"excerpt":{"rendered":"<p>[vc_row][vc_column width=&#8221;1\/2&#8243;][vc_column_text]2017 y\u0131l\u0131nda Alanya\u2019da temellerini att\u0131\u011f\u0131m\u0131z firmam\u0131z, emlak ve yat\u0131r\u0131m d\u00fcnyas\u0131nda g\u00fcvenilirli\u011fin, \u015feffafl\u0131\u011f\u0131n ve profesyonelli\u011fin temsilcisi olma vizyonuyla yola \u00e7\u0131kt\u0131. Kuruldu\u011fumuz ilk g\u00fcnden bu yana \u0130stanbul ve Antalya illerinde, \u00f6zellikle Alanya il\u00e7esinde arsa, tarla ve emlak yat\u0131r\u0131mlar\u0131 konusunda m\u00fc\u015fterilerimize u\u00e7tan uca hizmet sunuyoruz. Yaln\u0131zca al\u0131m-sat\u0131m s\u00fcre\u00e7lerinde de\u011fil; do\u011fru yat\u0131r\u0131m planlamas\u0131, dan\u0131\u015fmanl\u0131k, de\u011ferleme ve proje geli\u015ftirme [&hellip;]<\/p>\n","protected":false},"author":5,"featured_media":0,"parent":0,"menu_order":0,"comment_status":"closed","ping_status":"closed","template":"","meta":{"inline_featured_image":false,"footnotes":""},"class_list":["post-1311","page","type-page","status-publish","hentry"],"_links":{"self":[{"href":"https:\/\/tunainvest.com.tr\/tr\/wp-json\/wp\/v2\/pages\/1311","targetHints":{"allow":["GET"]}}],"collection":[{"href":"https:\/\/tunainvest.com.tr\/tr\/wp-json\/wp\/v2\/pages"}],"about":[{"href":"https:\/\/tunainvest.com.tr\/tr\/wp-json\/wp\/v2\/types\/page"}],"author":[{"embeddable":true,"href":"https:\/\/tunainvest.com.tr\/tr\/wp-json\/wp\/v2\/users\/5"}],"replies":[{"embeddable":true,"href":"https:\/\/tunainvest.com.tr\/tr\/wp-json\/wp\/v2\/comments?post=1311"}],"version-history":[{"count":3,"href":"https:\/\/tunainvest.com.tr\/tr\/wp-json\/wp\/v2\/pages\/1311\/revisions"}],"predecessor-version":[{"id":51015,"href":"https:\/\/tunainvest.com.tr\/tr\/wp-json\/wp\/v2\/pages\/1311\/revisions\/51015"}],"wp:attachment":[{"href":"https:\/\/tunainvest.com.tr\/tr\/wp-json\/wp\/v2\/media?parent=1311"}],"curies":[{"name":"wp","href":"https:\/\/api.w.org\/{rel}","templated":true}]}}