{"id":1311,"date":"2021-04-27T07:28:07","date_gmt":"2021-04-27T07:28:07","guid":{"rendered":"https:\/\/tunainvest.com.tr\/?page_id=1311"},"modified":"2025-04-25T20:38:55","modified_gmt":"2025-04-25T17:38:55","slug":"about-us","status":"publish","type":"page","link":"https:\/\/tunainvest.com.tr\/de\/about-us\/","title":{"rendered":"\u00dcber uns"},"content":{"rendered":"<p>[vc_row css=&#8220;.vc_custom_1619509319604{margin-top: 30px !important;margin-bottom: 30px !important;}&#8220;][vc_column]<div class=\"hero cast-title title-smaller\">\u00dcber uns<\/div>[vc_column_text][\/vc_column_text][\/vc_column][\/vc_row][vc_row][vc_column width=&#8220;1\/2&#8243;][vc_column_text]Unser Unternehmen, das 2017 in Alanya gegr\u00fcndet wurde, hat sich mit der Vision auf den Weg gemacht, ein Symbol f\u00fcr Vertrauen, Transparenz und Professionalit\u00e4t in der Immobilien- und Investmentbranche zu sein. Seit dem ersten Tag bieten wir unseren Kunden umfassende Dienstleistungen im Bereich Grundst\u00fccks-, Ackerland- und Immobilieninvestitionen an \u2013 insbesondere im Bezirk Alanya sowie in den St\u00e4dten Istanbul und Antalya.<\/p>\n<p>Unser Ziel ist es, nicht nur bei Kauf- und Verkaufsprozessen, sondern auch bei der richtigen Investitionsplanung, Beratung, Bewertung und Projektentwicklung Ihr zuverl\u00e4ssiger Partner zu sein. Heute haben wir unser T\u00e4tigkeitsfeld mit erfolgreich abgeschlossenen Bauprojekten im Istanbuler Stadtteil Ey\u00fcpsultan sowie mit unseren zukunftsorientierten Grundst\u00fccksinvestitionen in derselben Region weiter ausgebaut.<\/p>\n<p>Mit der Erfahrung, die wir im Laufe der Jahre gesammelt haben, bieten wir unseren Kunden auch in anderen Branchen wie Bau- und Vertragswesen, tropischer Landwirtschaft, M\u00f6belproduktion, Erdbau, Architektur und Sch\u00f6nheitsdienstleistungen qualitativ hochwertige und vertrauensbasierte Leistungen an \u2013 darauf sind wir stolz.<\/p>\n<p>Im M\u00f6belsektor bieten wir nicht nur Produktion, sondern auch mit unserem Verkaufsstandort moderne, funktionale und \u00e4sthetische L\u00f6sungen an. Wir erneuern unser Produktsortiment kontinuierlich und schaffen mit ma\u00dfgeschneiderten Designs einen sp\u00fcrbaren Unterschied, um Ihren Lebensr\u00e4umen mehr Wert zu verleihen.<\/p>\n<p>In unserer Architekturabteilung bieten wir nicht nur Fassadenprojekte an, sondern sind mit unserem Expertenteam auch in der Innenarchitektur und Landschaftsarchitektur t\u00e4tig. Mit Projekten, die Funktionalit\u00e4t und \u00c4sthetik vereinen, bauen wir nicht nur Lebensr\u00e4ume, sondern gestalten auch die Atmosph\u00e4re, von der Sie tr\u00e4umen.<\/p>\n<p>Mit Teams, die in ihren jeweiligen Bereichen spezialisiert sind, betrachten wir jedes Projekt nicht nur als Arbeit, sondern als Lebensraum, als Beginn eines Traums und als Ausdruck eines Wertes. F\u00fcr uns ist jede Investition ein Gewinn \u2013 nicht nur f\u00fcr heute, sondern auch f\u00fcr die Zukunft.<\/p>\n<p>Auf unserem Weg von Alanya nach Istanbul bauen wir mit stetigem Wachstum gemeinsam mit Ihnen weiter.<\/p>\n<p>&nbsp;<\/p>\n<p><strong>Unsere Vision<\/strong><br \/>\nDurch die Verbindung von Qualit\u00e4t und Vertrauen in verschiedenen Bereichen wie Immobilien, Bauwesen, Architektur, Landwirtschaft, M\u00f6bel und Sch\u00f6nheit wollen wir eines der f\u00fchrenden multidisziplin\u00e4ren Investitions- und Dienstleistungsunternehmen in der T\u00fcrkei werden. Unser Ziel ist es, nicht nur die Lebensr\u00e4ume von heute zu gestalten, sondern auch die der Zukunft \u2013 mit \u00e4sthetischen, funktionalen und nachhaltigen Projekten, die das Leben unserer Kunden bereichern.<\/p>\n<p><strong>Unsere Mission<\/strong><br \/>\nUnseren Kunden in einem breiten Spektrum \u2013 von Immobilieninvestitionen \u00fcber Bauprojekte, Innen- und Au\u00dfenarchitektur, tropischer Landwirtschaft bis hin zu M\u00f6belproduktion und -verkauf sowie Sch\u00f6nheitsdienstleistungen \u2013 ganzheitliche, innovative und hochwertige Leistungen anzubieten. Wir verwirklichen jedes Projekt im Einklang mit den Prinzipien Kundenzufriedenheit, Zuverl\u00e4ssigkeit und nachhaltiger Erfolg und \u00fcbertreffen dabei die Erwartungen von Einzelpersonen, Familien und Investoren.<\/p>\n<p>&nbsp;<\/p>\n<p><strong>Unsere Ziele<\/strong><br \/>\nSeit unserer Gr\u00fcndung verfolgen wir das Ziel, nicht nur die Gegenwart, sondern auch die Zukunft zu gestalten. Unser Ziel ist es, das in der Immobilien- und Investmentbranche gewonnene Vertrauen durch nachhaltige Erfolge in Bereichen wie Bauwesen, Architektur, Landwirtschaft, M\u00f6bel und Sch\u00f6nheitsdienstleistungen weiter zu festigen.<\/p>\n<p>Kurzfristig m\u00f6chten wir unser Dienstleistungsnetz erweitern, insbesondere durch neue Projekte in Istanbul und Antalya, und die Kundenzufriedenheit auf h\u00f6chstes Niveau bringen.<\/p>\n<p>Mittelfristig streben wir an, eine national bekannte Marke zu werden, die mit innovativen L\u00f6sungen als Vorbild in ihren Branchen gilt, und Lebensr\u00e4ume im Sinne von \u00c4sthetik, Funktionalit\u00e4t und Nachhaltigkeit mitzugestalten.<\/p>\n<p>Langfristig m\u00f6chten wir eine Marke sein, die in allen T\u00e4tigkeitsfeldern eigene Standards setzt, nicht nur Dienstleistungen anbietet, sondern auch Werte schafft, mit sozialer Verantwortung handelt und sowohl auf nationaler als auch internationaler Ebene bleibende Spuren hinterl\u00e4sst.<\/p>\n<p>Und wir wissen: Jeden Tag tr\u00e4umen wir von Neuem und setzen uns neue Ziele, um diese Tr\u00e4ume Wirklichkeit werden zu lassen. Denn wir glauben, dass es m\u00f6glich ist, mit jedem Schritt etwas Besseres zu schaffen und in jedem Projekt mehr zu erreichen.[\/vc_column_text][\/vc_column][vc_column width=&#8220;1\/2&#8243;][vc_single_image image=&#8220;50999&#8243; img_size=&#8220;full&#8220;][vc_single_image image=&#8220;51001&#8243; img_size=&#8220;full&#8220;][\/vc_column][\/vc_row][vc_row full_width=&#8220;stretch_row&#8220; disable_element=&#8220;yes&#8220; css=&#8220;.vc_custom_1745602148481{padding-bottom: 40px !important;background-color: #ffffff !important;}&#8220;][vc_column]<div class=\"hero cast-title title-smaller\">Meet the team!<\/div>        <style>\n        .the-agent-thumbnail img {\n                object-fit: cover;\n               background: #fff;\n        }\n        .the-agent-inner {\n            border:1px #ccc solid;\n        }\n        .the-agent-content {\n                min-height: 245px;\n        }\n\n        <\/style>\n        <div class=\"row agents-list agent-dark\">\n                    <\/div>\n        [\/vc_column][\/vc_row][vc_row disable_element=&#8220;yes&#8220; el_class=&#8220;customers-area&#8220;][vc_column css=&#8220;.vc_custom_1619512438150{padding-top: 0px !important;}&#8220;]<div class=\"hero title-smaller hero--bottom-separator text-center text-info text-uppercase\">What our clients think<\/div>[vc_empty_space height=&#8220;20&#8243;]    <div class=\"carousel-container carousel-container\">\n        <div class=\"prev-button js-prev\"><\/div>\n        <div class=\"next-button js-next\"><\/div>\n        <div class=\"comments-carousel js-comments-carousel\">\n                    <\/div>\n    <\/div>\n    [\/vc_column][\/vc_row][vc_row][vc_column el_class=&#8220;listing-form-area&#8220;]<div class=\"hero text-left\">Do you need a personalized approach ?<\/div><div class=\"desc subhead\">Fill in your details below and one of our consultant will get back to you shortly with some recommendations.<\/div>\n<div class=\"wpcf7 no-js\" id=\"wpcf7-f1171-o3\" lang=\"en-US\" dir=\"ltr\" data-wpcf7-id=\"1171\">\n<div class=\"screen-reader-response\"><p role=\"status\" aria-live=\"polite\" aria-atomic=\"true\"><\/p> <ul><\/ul><\/div>\n<form action=\"\/de\/wp-json\/wp\/v2\/pages\/1311#wpcf7-f1171-o3\" method=\"post\" class=\"wpcf7-form init\" aria-label=\"Contact form\" novalidate=\"novalidate\" data-status=\"init\">\n<fieldset class=\"hidden-fields-container\"><input type=\"hidden\" name=\"_wpcf7\" value=\"1171\" \/><input type=\"hidden\" name=\"_wpcf7_version\" value=\"6.1.5\" \/><input type=\"hidden\" name=\"_wpcf7_locale\" value=\"en_US\" \/><input type=\"hidden\" name=\"_wpcf7_unit_tag\" value=\"wpcf7-f1171-o3\" \/><input type=\"hidden\" name=\"_wpcf7_container_post\" value=\"0\" \/><input type=\"hidden\" name=\"_wpcf7_posted_data_hash\" value=\"\" \/>\n<\/fieldset>\n<div class=\"fields fields-3\">\n\t<p><span class=\"wpcf7-form-control-wrap\" data-name=\"your-name\"><input size=\"40\" maxlength=\"400\" class=\"wpcf7-form-control wpcf7-text wpcf7-validates-as-required name\" aria-required=\"true\" aria-invalid=\"false\" placeholder=\"Name*\" value=\"\" type=\"text\" name=\"your-name\" \/><\/span><br \/>\n<span class=\"wpcf7-form-control-wrap\" data-name=\"your-email\"><input size=\"40\" maxlength=\"400\" class=\"wpcf7-form-control wpcf7-email wpcf7-validates-as-required wpcf7-text wpcf7-validates-as-email email\" aria-required=\"true\" aria-invalid=\"false\" placeholder=\"E-Mail*\" value=\"\" type=\"email\" name=\"your-email\" \/><\/span><br \/>\n<span class=\"wpcf7-form-control-wrap\" data-name=\"your-phone\"><input size=\"40\" maxlength=\"400\" class=\"wpcf7-form-control wpcf7-tel wpcf7-text wpcf7-validates-as-tel phone\" aria-invalid=\"false\" placeholder=\"Phone\" value=\"\" type=\"tel\" name=\"your-phone\" \/><\/span>\n\t<\/p>\n<\/div>\n<div class=\"fields fields-odd\">\n\t<p><span class=\"wpcf7-form-control-wrap\" data-name=\"your-question\"><input size=\"40\" maxlength=\"400\" class=\"wpcf7-form-control wpcf7-text wpcf7-validates-as-required question\" aria-required=\"true\" aria-invalid=\"false\" placeholder=\"Any Question?\" value=\"\" type=\"text\" name=\"your-question\" \/><\/span><br \/>\n<input class=\"wpcf7-form-control wpcf7-submit has-spinner\" type=\"submit\" value=\"Send\" \/>\n\t<\/p>\n<\/div><div class=\"wpcf7-response-output\" aria-hidden=\"true\"><\/div>\n<\/form>\n<\/div>\n[vc_empty_space][\/vc_column][\/vc_row]<\/p>","protected":false},"excerpt":{"rendered":"<p>[vc_row css=&#8220;.vc_custom_1619509319604{margin-top: 30px !important;margin-bottom: 30px !important;}&#8220;][vc_column][vc_column_text][\/vc_column_text][\/vc_column][\/vc_row][vc_row][vc_column width=&#8220;1\/2&#8243;][vc_column_text]Unser Unternehmen, das 2017 in Alanya gegr\u00fcndet wurde, hat sich mit der Vision auf den Weg gemacht, ein Symbol f\u00fcr Vertrauen, Transparenz und Professionalit\u00e4t in der Immobilien- und Investmentbranche zu sein. Seit dem ersten Tag bieten wir unseren Kunden umfassende Dienstleistungen im Bereich Grundst\u00fccks-, Ackerland- und Immobilieninvestitionen an \u2013 [&hellip;]<\/p>\n","protected":false},"author":5,"featured_media":0,"parent":0,"menu_order":0,"comment_status":"closed","ping_status":"closed","template":"","meta":{"inline_featured_image":false,"footnotes":""},"class_list":["post-1311","page","type-page","status-publish","hentry"],"_links":{"self":[{"href":"https:\/\/tunainvest.com.tr\/de\/wp-json\/wp\/v2\/pages\/1311","targetHints":{"allow":["GET"]}}],"collection":[{"href":"https:\/\/tunainvest.com.tr\/de\/wp-json\/wp\/v2\/pages"}],"about":[{"href":"https:\/\/tunainvest.com.tr\/de\/wp-json\/wp\/v2\/types\/page"}],"author":[{"embeddable":true,"href":"https:\/\/tunainvest.com.tr\/de\/wp-json\/wp\/v2\/users\/5"}],"replies":[{"embeddable":true,"href":"https:\/\/tunainvest.com.tr\/de\/wp-json\/wp\/v2\/comments?post=1311"}],"version-history":[{"count":3,"href":"https:\/\/tunainvest.com.tr\/de\/wp-json\/wp\/v2\/pages\/1311\/revisions"}],"predecessor-version":[{"id":51015,"href":"https:\/\/tunainvest.com.tr\/de\/wp-json\/wp\/v2\/pages\/1311\/revisions\/51015"}],"wp:attachment":[{"href":"https:\/\/tunainvest.com.tr\/de\/wp-json\/wp\/v2\/media?parent=1311"}],"curies":[{"name":"wp","href":"https:\/\/api.w.org\/{rel}","templated":true}]}}